{"id":5832,"date":"2026-04-14T23:19:22","date_gmt":"2026-04-14T21:19:22","guid":{"rendered":"https:\/\/vacacionesaibiza.com\/aviso-legal\/"},"modified":"2026-04-22T08:45:45","modified_gmt":"2026-04-22T06:45:45","slug":"aviso-legal","status":"publish","type":"page","link":"https:\/\/vacacionesaibiza.com\/en\/aviso-legal\/","title":{"rendered":"Legal notice"},"content":{"rendered":"<style>.elementor-5832 .elementor-element.elementor-element-7b8df97c{--display:flex;--flex-direction:row;--container-widget-width:initial;--container-widget-height:100%;--container-widget-flex-grow:1;--container-widget-align-self:stretch;--flex-wrap-mobile:wrap;--overlay-opacity:0.55;--padding-top:224px;--padding-bottom:124px;--padding-left:0px;--padding-right:0px;}.elementor-5832 .elementor-element.elementor-element-7b8df97c::before, .elementor-5832 .elementor-element.elementor-element-7b8df97c > .elementor-background-video-container::before, .elementor-5832 .elementor-element.elementor-element-7b8df97c > .e-con-inner > .elementor-background-video-container::before, .elementor-5832 .elementor-element.elementor-element-7b8df97c > .elementor-background-slideshow::before, .elementor-5832 .elementor-element.elementor-element-7b8df97c > .e-con-inner > .elementor-background-slideshow::before, .elementor-5832 .elementor-element.elementor-element-7b8df97c > .elementor-motion-effects-container > .elementor-motion-effects-layer::before{--background-overlay:'';background-color:transparent;background-image:linear-gradient(180deg, #121518C4 0%, #0E3F702E 100%);}.elementor-5832 .elementor-element.elementor-element-7b8df97c > .elementor-shape-bottom svg, .elementor-5832 .elementor-element.elementor-element-7b8df97c > .e-con-inner > .elementor-shape-bottom svg{height:51px;}.elementor-5832 .elementor-element.elementor-element-d918948{--display:flex;--margin-top:100px;--margin-bottom:0px;--margin-left:0px;--margin-right:0px;}.elementor-5832 .elementor-element.elementor-element-b05f1d8 .elementor-heading-title{font-family:\"Brunson\", Sans-serif;font-weight:500;letter-spacing:1px;}.elementor-5832 .elementor-element.elementor-element-8760a5d{--display:flex;--flex-direction:column;--container-widget-width:100%;--container-widget-height:initial;--container-widget-flex-grow:0;--container-widget-align-self:initial;--flex-wrap-mobile:wrap;--margin-top:50px;--margin-bottom:0px;--margin-left:0px;--margin-right:0px;}.elementor-5832 .elementor-element.elementor-element-ec08329{column-gap:0px;font-family:\"Arial\", Sans-serif;}.elementor-5832 .elementor-element.elementor-element-ec08329 p{margin-block-end:50px;}.elementor-5832 .elementor-element.elementor-element-f520d76{--display:flex;--flex-direction:column;--container-widget-width:100%;--container-widget-height:initial;--container-widget-flex-grow:0;--container-widget-align-self:initial;--flex-wrap-mobile:wrap;}.elementor-5832 .elementor-element.elementor-element-db25dbe{--spacer-size:120px;}:root{--page-title-display:none;}@media(max-width:1024px){.elementor-5832 .elementor-element.elementor-element-7b8df97c{--padding-top:206px;--padding-bottom:117px;--padding-left:30px;--padding-right:30px;}}@media(max-width:767px){.elementor-5832 .elementor-element.elementor-element-7b8df97c > .elementor-shape-bottom svg, .elementor-5832 .elementor-element.elementor-element-7b8df97c > .e-con-inner > .elementor-shape-bottom svg{height:31px;}.elementor-5832 .elementor-element.elementor-element-7b8df97c{--padding-top:188px;--padding-bottom:102px;--padding-left:20px;--padding-right:20px;}}<\/style>\t\t<div data-elementor-type=\"wp-page\" data-elementor-id=\"5832\" class=\"elementor elementor-5832\" data-elementor-post-type=\"page\">\n\t\t\t\t<div class=\"elementor-element elementor-element-7b8df97c e-flex e-con-boxed e-con e-parent\" data-id=\"7b8df97c\" data-element_type=\"container\" data-e-type=\"container\" data-settings=\"{&quot;background_background&quot;:&quot;video&quot;,&quot;shape_divider_bottom&quot;:&quot;pyramids&quot;,&quot;background_video_link&quot;:&quot;https:\\\/\\\/vacacionesaibiza.com\\\/wp-content\\\/uploads\\\/2026\\\/04\\\/jet-ski-ibiza-small-2.mp4&quot;}\">\n\t\t\t\t\t<div class=\"e-con-inner\">\n\t\t<div class=\"elementor-background-video-container elementor-hidden-mobile\">\n\t\t\t\t\t\t\t<video class=\"elementor-background-video-hosted\" role=\"presentation\" autoplay muted playsinline loop><\/video>\n\t\t\t\t\t<\/div>\t\t<div class=\"elementor-shape elementor-shape-bottom\" aria-hidden=\"true\" data-negative=\"false\">\n\t\t\t<svg xmlns=\"http:\/\/www.w3.org\/2000\/svg\" viewBox=\"0 0 1000 100\" preserveAspectRatio=\"none\">\n\t<path class=\"elementor-shape-fill\" d=\"M761.9,44.1L643.1,27.2L333.8,98L0,3.8V0l1000,0v3.9\"\/>\n<\/svg>\t\t<\/div>\n\t\t\t\t\t<\/div>\n\t\t\t\t<\/div>\n\t\t<div class=\"elementor-element elementor-element-d918948 e-flex e-con-boxed e-con e-parent\" data-id=\"d918948\" data-element_type=\"container\" data-e-type=\"container\">\n\t\t\t\t\t<div class=\"e-con-inner\">\n\t\t\t\t<div class=\"elementor-element elementor-element-b05f1d8 elementor-widget elementor-widget-heading\" data-id=\"b05f1d8\" data-element_type=\"widget\" data-e-type=\"widget\" data-widget_type=\"heading.default\">\n\t\t\t\t\t<h2 class=\"elementor-heading-title elementor-size-default\">AVISO LEGAL<\/h2>\t\t\t\t<\/div>\n\t\t\t\t\t<\/div>\n\t\t\t\t<\/div>\n\t\t<div class=\"elementor-element elementor-element-8760a5d e-flex e-con-boxed e-con e-parent\" data-id=\"8760a5d\" data-element_type=\"container\" data-e-type=\"container\">\n\t\t\t\t\t<div class=\"e-con-inner\">\n\t\t\t\t<div class=\"elementor-element elementor-element-ec08329 elementor-widget elementor-widget-text-editor\" data-id=\"ec08329\" data-element_type=\"widget\" data-e-type=\"widget\" data-widget_type=\"text-editor.default\">\n\t\t\t\t\t\t\t\t\t<p>En cumplimiento con lo establecido en la Ley 34\/2002, de 11 de julio, de Servicios de la Sociedad de la Informaci\u00f3n y del Comercio Electr\u00f3nico (LSSI-CE), se informa a los usuarios de este sitio web de los siguientes datos:<\/p><ul class=\"wp-block-list\"><li><strong>Titular:<\/strong>\u00a0Enrique<\/li><li><strong>Nombre comercial:<\/strong>\u00a0San Felix Luber<\/li><li><strong>NIF\/DNI:<\/strong>\u00a073584566E<\/li><li><strong>Domicilio:<\/strong>\u00a0Calle Burgos 2, piso 1, puerta 7 \u2013 Sant Josep 07829<\/li><li><strong>Email de contacto:<\/strong>\u00a0<a>tenerifedevacaciones@gmail.com<br \/><br \/><\/a><\/li><\/ul><p>El acceso y uso del sitio web atribuye la condici\u00f3n de\u00a0<strong>usuario<\/strong>, lo que implica la aceptaci\u00f3n plena y sin reservas de todas las disposiciones incluidas en este Aviso Legal.<\/p><p>El titular se reserva el derecho a modificar cualquier tipo de informaci\u00f3n que pudiera aparecer en el sitio web, sin que exista obligaci\u00f3n de preavisar o poner en conocimiento de los usuarios dichas modificaciones, entendi\u00e9ndose como suficiente la publicaci\u00f3n en la web del titular.<\/p><h3 class=\"wp-block-heading\">1. Responsabilidad del usuario<\/h3><p>El usuario se compromete a hacer un uso adecuado de los contenidos y servicios que se ofrecen en la web y, con car\u00e1cter enunciativo, pero no limitativo, a no emplearlos para:<\/p><ul class=\"wp-block-list\"><li>Realizar actividades il\u00edcitas, ilegales o contrarias a la buena fe y al orden p\u00fablico.<\/li><li>Difundir contenidos o propaganda de car\u00e1cter racista, xen\u00f3fobo, pornogr\u00e1fico, de apolog\u00eda del terrorismo o que atenten contra los derechos humanos.<\/li><li>Provocar da\u00f1os en los sistemas f\u00edsicos y l\u00f3gicos del titular, de sus proveedores o de terceras personas.<\/li><li>Intentar acceder y, en su caso, utilizar las cuentas de correo electr\u00f3nico de otros usuarios y modificar o manipular sus mensajes.<\/li><\/ul><p>El titular no se hace responsable de los da\u00f1os y perjuicios derivados del mal uso del sitio web por parte del usuario.<\/p><h3 class=\"wp-block-heading\">2. Propiedad intelectual e industrial<\/h3><p>Todos los contenidos del sitio web, entendiendo por estos a t\u00edtulo enunciativo: textos, fotograf\u00edas, gr\u00e1ficos, im\u00e1genes, iconos, tecnolog\u00eda, software, as\u00ed como su dise\u00f1o gr\u00e1fico y c\u00f3digos fuente, son propiedad intelectual del titular o de terceros, sin que puedan entenderse cedidos al usuario ninguno de los derechos de explotaci\u00f3n reconocidos por la normativa vigente en materia de propiedad intelectual, m\u00e1s all\u00e1 de lo estrictamente necesario para el uso de la web.<\/p><p>El usuario se compromete a respetar los derechos de Propiedad Intelectual e Industrial titularidad de Enrique \u2013 San Felix Luber. Podr\u00e1 visualizar los elementos del sitio web e incluso imprimirlos, copiarlos y almacenarlos en el disco duro de su ordenador o en cualquier otro soporte f\u00edsico, siempre y cuando sea, \u00fanica y exclusivamente, para su uso personal y privado.<\/p><p>Queda expresamente prohibida la utilizaci\u00f3n de los contenidos de este sitio web con fines comerciales, as\u00ed como su distribuci\u00f3n, modificaci\u00f3n o comunicaci\u00f3n p\u00fablica, sin la autorizaci\u00f3n expresa del titular.<\/p><h3 class=\"wp-block-heading\">3. Enlaces externos<\/h3><p>El sitio web puede contener enlaces a otros sitios de internet. El titular no ejercer\u00e1 ning\u00fan tipo de control sobre dichos sitios y contenidos, y en ning\u00fan caso asumir\u00e1 responsabilidad alguna por los contenidos de enlaces de otros sitios web ajenos.<\/p><h3 class=\"wp-block-heading\">4. Limitaci\u00f3n de responsabilidad<\/h3><p>El titular no garantiza la disponibilidad, continuidad y utilidad del sitio web, ni de los servicios o contenidos ofrecidos en \u00e9l. Se realizar\u00e1n todos los esfuerzos para el correcto funcionamiento del sitio web, pero no se garantiza la ausencia de errores ni la absoluta disponibilidad del servicio.<\/p>\t\t\t\t\t\t\t\t<\/div>\n\t\t\t\t\t<\/div>\n\t\t\t\t<\/div>\n\t\t<div class=\"elementor-element elementor-element-f520d76 e-flex e-con-boxed e-con e-parent\" data-id=\"f520d76\" data-element_type=\"container\" data-e-type=\"container\">\n\t\t\t\t\t<div class=\"e-con-inner\">\n\t\t\t\t<div class=\"elementor-element elementor-element-db25dbe elementor-widget elementor-widget-spacer\" data-id=\"db25dbe\" data-element_type=\"widget\" data-e-type=\"widget\" data-widget_type=\"spacer.default\">\n\t\t\t\t\t\t\t<div class=\"elementor-spacer\">\n\t\t\t<div class=\"elementor-spacer-inner\"><\/div>\n\t\t<\/div>\n\t\t\t\t\t\t<\/div>\n\t\t\t\t\t<\/div>\n\t\t\t\t<\/div>\n\t\t\t\t<\/div>\n\t\t","protected":false},"excerpt":{"rendered":"<p>AVISO LEGAL En cumplimiento con lo establecido en la Ley 34\/2002, de 11 de julio, de Servicios de la Sociedad de la Informaci\u00f3n y del Comercio Electr\u00f3nico (LSSI-CE), se informa a los usuarios de este sitio web de los siguientes datos: Titular:\u00a0Enrique Nombre comercial:\u00a0San Felix Luber NIF\/DNI:\u00a073584566E Domicilio:\u00a0Calle Burgos 2, piso 1, puerta 7 \u2013 [&hellip;]<\/p>\n","protected":false},"author":1,"featured_media":0,"parent":0,"menu_order":0,"comment_status":"closed","ping_status":"closed","template":"","meta":{"_acf_changed":false,"postBodyCss":"","postBodyMargin":[],"postBodyPadding":[],"postBodyBackground":{"backgroundType":"classic","gradient":""},"footnotes":""},"class_list":["post-5832","page","type-page","status-publish","hentry"],"acf":[],"_links":{"self":[{"href":"https:\/\/vacacionesaibiza.com\/en\/wp-json\/wp\/v2\/pages\/5832","targetHints":{"allow":["GET"]}}],"collection":[{"href":"https:\/\/vacacionesaibiza.com\/en\/wp-json\/wp\/v2\/pages"}],"about":[{"href":"https:\/\/vacacionesaibiza.com\/en\/wp-json\/wp\/v2\/types\/page"}],"author":[{"embeddable":true,"href":"https:\/\/vacacionesaibiza.com\/en\/wp-json\/wp\/v2\/users\/1"}],"replies":[{"embeddable":true,"href":"https:\/\/vacacionesaibiza.com\/en\/wp-json\/wp\/v2\/comments?post=5832"}],"version-history":[{"count":7,"href":"https:\/\/vacacionesaibiza.com\/en\/wp-json\/wp\/v2\/pages\/5832\/revisions"}],"predecessor-version":[{"id":6074,"href":"https:\/\/vacacionesaibiza.com\/en\/wp-json\/wp\/v2\/pages\/5832\/revisions\/6074"}],"wp:attachment":[{"href":"https:\/\/vacacionesaibiza.com\/en\/wp-json\/wp\/v2\/media?parent=5832"}],"curies":[{"name":"wp","href":"https:\/\/api.w.org\/{rel}","templated":true}]}}