{"id":5830,"date":"2026-04-12T12:55:09","date_gmt":"2026-04-12T10:55:09","guid":{"rendered":"https:\/\/vacacionesaibiza.com\/politica-de-privacidad\/"},"modified":"2026-04-22T08:52:48","modified_gmt":"2026-04-22T06:52:48","slug":"politica-de-privacidad","status":"publish","type":"page","link":"https:\/\/vacacionesaibiza.com\/it\/politica-de-privacidad\/","title":{"rendered":"Politica sulla riservatezza"},"content":{"rendered":"<style>.elementor-5830 .elementor-element.elementor-element-7b8df97c{--display:flex;--flex-direction:row;--container-widget-width:initial;--container-widget-height:100%;--container-widget-flex-grow:1;--container-widget-align-self:stretch;--flex-wrap-mobile:wrap;--overlay-opacity:0.55;--padding-top:224px;--padding-bottom:124px;--padding-left:0px;--padding-right:0px;}.elementor-5830 .elementor-element.elementor-element-7b8df97c::before, .elementor-5830 .elementor-element.elementor-element-7b8df97c > .elementor-background-video-container::before, .elementor-5830 .elementor-element.elementor-element-7b8df97c > .e-con-inner > .elementor-background-video-container::before, .elementor-5830 .elementor-element.elementor-element-7b8df97c > .elementor-background-slideshow::before, .elementor-5830 .elementor-element.elementor-element-7b8df97c > .e-con-inner > .elementor-background-slideshow::before, .elementor-5830 .elementor-element.elementor-element-7b8df97c > .elementor-motion-effects-container > .elementor-motion-effects-layer::before{--background-overlay:'';background-color:transparent;background-image:linear-gradient(180deg, #121518C4 0%, #0E3F702E 100%);}.elementor-5830 .elementor-element.elementor-element-7b8df97c > .elementor-shape-bottom svg, .elementor-5830 .elementor-element.elementor-element-7b8df97c > .e-con-inner > .elementor-shape-bottom svg{height:51px;}.elementor-5830 .elementor-element.elementor-element-d918948{--display:flex;--margin-top:100px;--margin-bottom:0px;--margin-left:0px;--margin-right:0px;}.elementor-5830 .elementor-element.elementor-element-b05f1d8 .elementor-heading-title{font-family:\"Brunson\", Sans-serif;font-weight:500;letter-spacing:1px;}.elementor-5830 .elementor-element.elementor-element-8760a5d{--display:flex;--flex-direction:column;--container-widget-width:100%;--container-widget-height:initial;--container-widget-flex-grow:0;--container-widget-align-self:initial;--flex-wrap-mobile:wrap;--margin-top:50px;--margin-bottom:0px;--margin-left:0px;--margin-right:0px;}.elementor-5830 .elementor-element.elementor-element-ec08329{column-gap:0px;font-family:\"Arial\", Sans-serif;}.elementor-5830 .elementor-element.elementor-element-ec08329 p{margin-block-end:50px;}.elementor-5830 .elementor-element.elementor-element-20edd23{--display:flex;--flex-direction:column;--container-widget-width:100%;--container-widget-height:initial;--container-widget-flex-grow:0;--container-widget-align-self:initial;--flex-wrap-mobile:wrap;}.elementor-5830 .elementor-element.elementor-element-8a5683c{--spacer-size:125px;}:root{--page-title-display:none;}@media(max-width:1024px){.elementor-5830 .elementor-element.elementor-element-7b8df97c{--padding-top:206px;--padding-bottom:117px;--padding-left:30px;--padding-right:30px;}}@media(max-width:767px){.elementor-5830 .elementor-element.elementor-element-7b8df97c > .elementor-shape-bottom svg, .elementor-5830 .elementor-element.elementor-element-7b8df97c > .e-con-inner > .elementor-shape-bottom svg{height:31px;}.elementor-5830 .elementor-element.elementor-element-7b8df97c{--padding-top:188px;--padding-bottom:102px;--padding-left:20px;--padding-right:20px;}}<\/style>\t\t<div data-elementor-type=\"wp-page\" data-elementor-id=\"5830\" class=\"elementor elementor-5830\" data-elementor-post-type=\"page\">\n\t\t\t\t<div class=\"elementor-element elementor-element-7b8df97c e-flex e-con-boxed e-con e-parent\" data-id=\"7b8df97c\" data-element_type=\"container\" data-e-type=\"container\" data-settings=\"{&quot;background_background&quot;:&quot;video&quot;,&quot;shape_divider_bottom&quot;:&quot;pyramids&quot;,&quot;background_video_link&quot;:&quot;https:\\\/\\\/vacacionesaibiza.com\\\/wp-content\\\/uploads\\\/2026\\\/04\\\/jet-ski-ibiza-small-2.mp4&quot;}\">\n\t\t\t\t\t<div class=\"e-con-inner\">\n\t\t<div class=\"elementor-background-video-container elementor-hidden-mobile\">\n\t\t\t\t\t\t\t<video class=\"elementor-background-video-hosted\" role=\"presentation\" autoplay muted playsinline loop><\/video>\n\t\t\t\t\t<\/div>\t\t<div class=\"elementor-shape elementor-shape-bottom\" aria-hidden=\"true\" data-negative=\"false\">\n\t\t\t<svg xmlns=\"http:\/\/www.w3.org\/2000\/svg\" viewBox=\"0 0 1000 100\" preserveAspectRatio=\"none\">\n\t<path class=\"elementor-shape-fill\" d=\"M761.9,44.1L643.1,27.2L333.8,98L0,3.8V0l1000,0v3.9\"\/>\n<\/svg>\t\t<\/div>\n\t\t\t\t\t<\/div>\n\t\t\t\t<\/div>\n\t\t<div class=\"elementor-element elementor-element-d918948 e-flex e-con-boxed e-con e-parent\" data-id=\"d918948\" data-element_type=\"container\" data-e-type=\"container\">\n\t\t\t\t\t<div class=\"e-con-inner\">\n\t\t\t\t<div class=\"elementor-element elementor-element-b05f1d8 elementor-widget elementor-widget-heading\" data-id=\"b05f1d8\" data-element_type=\"widget\" data-e-type=\"widget\" data-widget_type=\"heading.default\">\n\t\t\t\t\t<h2 class=\"elementor-heading-title elementor-size-default\">Pol\u00edtica de privacidad<\/h2>\t\t\t\t<\/div>\n\t\t\t\t\t<\/div>\n\t\t\t\t<\/div>\n\t\t<div class=\"elementor-element elementor-element-8760a5d e-flex e-con-boxed e-con e-parent\" data-id=\"8760a5d\" data-element_type=\"container\" data-e-type=\"container\">\n\t\t\t\t\t<div class=\"e-con-inner\">\n\t\t\t\t<div class=\"elementor-element elementor-element-ec08329 elementor-widget elementor-widget-text-editor\" data-id=\"ec08329\" data-element_type=\"widget\" data-e-type=\"widget\" data-widget_type=\"text-editor.default\">\n\t\t\t\t\t\t\t\t\t<p>En esta Pol\u00edtica de Privacidad se explica c\u00f3mo se recogen y tratan los datos personales de los usuarios en cumplimiento del Reglamento (UE) 2016\/679 (RGPD) y la Ley Org\u00e1nica 3\/2018 (LOPDGDD).<\/p><h3 class=\"wp-block-heading\">1. Responsable del tratamiento<\/h3><ul class=\"wp-block-list\"><li><strong>Titular:<\/strong>\u00a0Enrique<\/li><li><strong>Nombre comercial:<\/strong>\u00a0San Felix Luber<\/li><li><strong>NIF\/DNI:<\/strong>\u00a073584566E<\/li><li><strong>Domicilio:<\/strong>\u00a0Calle Burgos 2, piso 1, puerta 7 \u2013 Sant Josep 07829<\/li><li><strong>Email de contacto:<\/strong>\u00a0<a>tenerifedevacaciones@gmail.com<\/a><\/li><\/ul><h3 class=\"wp-block-heading\">2. Finalidad del tratamiento<\/h3><p>Los datos personales que se recogen a trav\u00e9s de los formularios de este sitio web tienen las siguientes finalidades:<\/p><ul class=\"wp-block-list\"><li>Responder a solicitudes de informaci\u00f3n.<\/li><li>Gestionar reservas y servicios contratados.<\/li><li>Gestionar la relaci\u00f3n comercial con clientes y proveedores.<\/li><li>Enviar comunicaciones comerciales y ofertas relacionadas con nuestros servicios, siempre que el usuario haya prestado su consentimiento expreso.<\/li><li>Cumplimiento de obligaciones legales aplicables.<\/li><\/ul><h3 class=\"wp-block-heading\">3. Conservaci\u00f3n de los datos<\/h3><p>Los datos se conservar\u00e1n durante el tiempo necesario para cumplir con la finalidad para la que fueron recabados y mientras exista una relaci\u00f3n contractual o comercial. Una vez finalizada, se mantendr\u00e1n durante los plazos legales de prescripci\u00f3n de responsabilidades.<\/p><h3 class=\"wp-block-heading\">4. Legitimaci\u00f3n<\/h3><p>La base legal para el tratamiento de datos es:<\/p><ul class=\"wp-block-list\"><li>El consentimiento otorgado por el propio usuario.<\/li><li>La ejecuci\u00f3n de un contrato en el caso de la prestaci\u00f3n de servicios.<\/li><li>El cumplimiento de obligaciones legales.<\/li><\/ul><h3 class=\"wp-block-heading\">5. Destinatarios<\/h3><p>Los datos podr\u00e1n ser comunicados a:<\/p><ul class=\"wp-block-list\"><li>Proveedores de servicios estrictamente necesarios para la correcta prestaci\u00f3n de los servicios contratados (ejemplo: alojamientos, empresas de transporte, actividades tur\u00edsticas).<\/li><li>Administraciones p\u00fablicas en los casos previstos por la ley.<\/li><li>No se realizar\u00e1n transferencias internacionales de datos, salvo que se informe expresamente al usuario y cuente con las garant\u00edas necesarias.<\/li><\/ul><h3 class=\"wp-block-heading\">6. Derechos de los usuarios<\/h3><p>Los usuarios pueden ejercer sus derechos de acceso, rectificaci\u00f3n, supresi\u00f3n, limitaci\u00f3n del tratamiento, portabilidad y oposici\u00f3n mediante solicitud escrita al correo electr\u00f3nico:\u00a0<strong><a>tenerifedevacaciones@gmail.com<\/a><\/strong>, acompa\u00f1ando copia de su documento de identidad.<\/p><p>En caso de discrepancia, los usuarios tienen derecho a presentar reclamaci\u00f3n ante la\u00a0<strong>Agencia Espa\u00f1ola de Protecci\u00f3n de Datos (AEPD)<\/strong>.<\/p><h3 class=\"wp-block-heading\">7. Seguridad de los datos<\/h3><p>El titular garantiza que se han implementado medidas de seguridad t\u00e9cnicas y organizativas adecuadas para proteger los datos personales y evitar su alteraci\u00f3n, p\u00e9rdida, tratamiento o acceso no autorizado.<\/p>\t\t\t\t\t\t\t\t<\/div>\n\t\t\t\t\t<\/div>\n\t\t\t\t<\/div>\n\t\t<div class=\"elementor-element elementor-element-20edd23 e-flex e-con-boxed e-con e-parent\" data-id=\"20edd23\" data-element_type=\"container\" data-e-type=\"container\">\n\t\t\t\t\t<div class=\"e-con-inner\">\n\t\t\t\t<div class=\"elementor-element elementor-element-8a5683c elementor-widget elementor-widget-spacer\" data-id=\"8a5683c\" data-element_type=\"widget\" data-e-type=\"widget\" data-widget_type=\"spacer.default\">\n\t\t\t\t\t\t\t<div class=\"elementor-spacer\">\n\t\t\t<div class=\"elementor-spacer-inner\"><\/div>\n\t\t<\/div>\n\t\t\t\t\t\t<\/div>\n\t\t\t\t\t<\/div>\n\t\t\t\t<\/div>\n\t\t\t\t<\/div>\n\t\t","protected":false},"excerpt":{"rendered":"<p>Pol\u00edtica de privacidad En esta Pol\u00edtica de Privacidad se explica c\u00f3mo se recogen y tratan los datos personales de los usuarios en cumplimiento del Reglamento (UE) 2016\/679 (RGPD) y la Ley Org\u00e1nica 3\/2018 (LOPDGDD). 1. Responsable del tratamiento Titular:\u00a0Enrique Nombre comercial:\u00a0San Felix Luber NIF\/DNI:\u00a073584566E Domicilio:\u00a0Calle Burgos 2, piso 1, puerta 7 \u2013 Sant Josep 07829 [&hellip;]<\/p>\n","protected":false},"author":1,"featured_media":0,"parent":0,"menu_order":0,"comment_status":"closed","ping_status":"closed","template":"","meta":{"_acf_changed":false,"postBodyCss":"","postBodyMargin":[],"postBodyPadding":[],"postBodyBackground":{"backgroundType":"classic","gradient":""},"footnotes":""},"class_list":["post-5830","page","type-page","status-publish","hentry"],"acf":[],"_links":{"self":[{"href":"https:\/\/vacacionesaibiza.com\/it\/wp-json\/wp\/v2\/pages\/5830","targetHints":{"allow":["GET"]}}],"collection":[{"href":"https:\/\/vacacionesaibiza.com\/it\/wp-json\/wp\/v2\/pages"}],"about":[{"href":"https:\/\/vacacionesaibiza.com\/it\/wp-json\/wp\/v2\/types\/page"}],"author":[{"embeddable":true,"href":"https:\/\/vacacionesaibiza.com\/it\/wp-json\/wp\/v2\/users\/1"}],"replies":[{"embeddable":true,"href":"https:\/\/vacacionesaibiza.com\/it\/wp-json\/wp\/v2\/comments?post=5830"}],"version-history":[{"count":4,"href":"https:\/\/vacacionesaibiza.com\/it\/wp-json\/wp\/v2\/pages\/5830\/revisions"}],"predecessor-version":[{"id":6119,"href":"https:\/\/vacacionesaibiza.com\/it\/wp-json\/wp\/v2\/pages\/5830\/revisions\/6119"}],"wp:attachment":[{"href":"https:\/\/vacacionesaibiza.com\/it\/wp-json\/wp\/v2\/media?parent=5830"}],"curies":[{"name":"wp","href":"https:\/\/api.w.org\/{rel}","templated":true}]}}